{"id":17,"date":"2025-02-21T15:21:50","date_gmt":"2025-02-21T15:21:50","guid":{"rendered":"https:\/\/jurantiel.com\/?page_id=17"},"modified":"2025-05-03T06:42:24","modified_gmt":"2025-05-03T06:42:24","slug":"accueil","status":"publish","type":"page","link":"https:\/\/jurantiel.com\/accueil\/","title":{"rendered":"Accueil"},"content":{"rendered":"\t\t<div data-elementor-type=\"wp-page\" data-elementor-id=\"17\" class=\"elementor elementor-17\">\n\t\t\t\t<div class=\"elementor-element elementor-element-b34d179 e-flex e-con-boxed e-con e-parent\" data-id=\"b34d179\" data-element_type=\"container\" data-e-type=\"container\">\n\t\t\t\t\t<div class=\"e-con-inner\">\n\t\t\t\t<div class=\"elementor-element elementor-element-ac1602b elementor-widget elementor-widget-image\" data-id=\"ac1602b\" data-element_type=\"widget\" data-e-type=\"widget\" data-widget_type=\"image.default\">\n\t\t\t\t<div class=\"elementor-widget-container\">\n\t\t\t\t\t\t\t\t\t\t\t\t\t\t\t<img fetchpriority=\"high\" decoding=\"async\" width=\"720\" height=\"180\" src=\"https:\/\/i0.wp.com\/jurantiel.com\/wp-content\/uploads\/2025\/02\/Banniere-LinkedIn-professionnel-social-media-moderne-et-elegant-beige-noir.png?fit=720%2C180&amp;ssl=1\" class=\"attachment-large size-large wp-image-43\" alt=\"\" srcset=\"https:\/\/i0.wp.com\/jurantiel.com\/wp-content\/uploads\/2025\/02\/Banniere-LinkedIn-professionnel-social-media-moderne-et-elegant-beige-noir.png?w=1584&amp;ssl=1 1584w, https:\/\/i0.wp.com\/jurantiel.com\/wp-content\/uploads\/2025\/02\/Banniere-LinkedIn-professionnel-social-media-moderne-et-elegant-beige-noir.png?resize=300%2C75&amp;ssl=1 300w, https:\/\/i0.wp.com\/jurantiel.com\/wp-content\/uploads\/2025\/02\/Banniere-LinkedIn-professionnel-social-media-moderne-et-elegant-beige-noir.png?resize=1024%2C256&amp;ssl=1 1024w, https:\/\/i0.wp.com\/jurantiel.com\/wp-content\/uploads\/2025\/02\/Banniere-LinkedIn-professionnel-social-media-moderne-et-elegant-beige-noir.png?resize=768%2C192&amp;ssl=1 768w, https:\/\/i0.wp.com\/jurantiel.com\/wp-content\/uploads\/2025\/02\/Banniere-LinkedIn-professionnel-social-media-moderne-et-elegant-beige-noir.png?resize=1536%2C384&amp;ssl=1 1536w, https:\/\/i0.wp.com\/jurantiel.com\/wp-content\/uploads\/2025\/02\/Banniere-LinkedIn-professionnel-social-media-moderne-et-elegant-beige-noir.png?w=1440&amp;ssl=1 1440w\" sizes=\"(max-width: 720px) 100vw, 720px\" \/>\t\t\t\t\t\t\t\t\t\t\t\t\t\t\t<\/div>\n\t\t\t\t<\/div>\n\t\t\t\t\t<\/div>\n\t\t\t\t<\/div>\n\t\t<div class=\"elementor-element elementor-element-97a4781 e-flex e-con-boxed e-con e-parent\" data-id=\"97a4781\" data-element_type=\"container\" data-e-type=\"container\">\n\t\t\t\t\t<div class=\"e-con-inner\">\n\t\t\t\t<div class=\"elementor-element elementor-element-b939abf elementor-widget elementor-widget-text-editor\" data-id=\"b939abf\" data-element_type=\"widget\" data-e-type=\"widget\" data-widget_type=\"text-editor.default\">\n\t\t\t\t<div class=\"elementor-widget-container\">\n\t\t\t\t\t\t\t\t\t<p class=\"\">Ce blog est compos\u00e9 de 9 rubriques \u00e0 savoir :<\/p>\n<p><!-- \/wp:paragraph --><!-- wp:list --><\/p>\n<ul class=\"wp-block-list\"><!-- wp:list-item -->\n<li class=\"\"><strong>LE VOCABULAIRE<\/strong>\u00a0<strong>:<\/strong> Notions, expressions, adages, maximes et principes en droit et en assurance.<\/li>\n<!-- \/wp:list-item --><!-- wp:list-item -->\n<li class=\"\"><strong>LES CLES DU DROIT CIMA<\/strong>\u00a0<strong>:<\/strong> Publications sur le droit mat\u00e9riel et institutionnel de la CIMA.<\/li>\n<!-- \/wp:list-item --><!-- wp:list-item -->\n<li class=\"\"><strong>LUX JURI<\/strong>\u00a0<strong>:<\/strong> Publications diverses sur le droit.<\/li>\n<!-- \/wp:list-item --><!-- wp:list-item -->\n<li class=\"\"><strong>L\u2019ASSURANTIEL<\/strong>\u00a0<strong>:<\/strong> Publications sur l\u2019industrie de l\u2019assurance en g\u00e9n\u00e9ral.<\/li>\n<!-- \/wp:list-item --><!-- wp:list-item -->\n<li class=\"\"><strong>LES AMIS DE PIERRE EMMANUEL\u00a0:<\/strong> Publications des amis de Pierre Emmanuel.<\/li>\n<!-- \/wp:list-item --><!-- wp:list-item -->\n<li class=\"\"><strong>VEILLE JURIDIQUE<\/strong>\u00a0<strong>:<\/strong> Nouveaut\u00e9 en Droit en g\u00e9n\u00e9ral.<\/li>\n<!-- \/wp:list-item --><!-- wp:list-item -->\n<li class=\"\"><strong>VEILLE ASSURANTIELLE\u00a0:<\/strong> Nouveaut\u00e9 en Assurance en g\u00e9n\u00e9ral.<\/li>\n<li><strong>QUIZ ASSURANCE :<\/strong> QCM en Assurance (connaissances th\u00e9oriques et pratiques)<\/li>\n<li><strong>QUIZ DROIT :<\/strong> QCM en Droit (connaissances th\u00e9oriques et pratiques)\u00a0<\/li>\n<!-- \/wp:list-item --><\/ul>\n<p><!-- \/wp:list --><\/p>\t\t\t\t\t\t\t\t<\/div>\n\t\t\t\t<\/div>\n\t\t\t\t\t<\/div>\n\t\t\t\t<\/div>\n\t\t\t\t<\/div>\n\t\t","protected":false},"excerpt":{"rendered":"<p>Ce blog est compos\u00e9 de 9 rubriques \u00e0 savoir : LE VOCABULAIRE\u00a0: Notions, expressions, adages, maximes et principes en droit et en assurance. LES CLES DU DROIT CIMA\u00a0: Publications sur le droit mat\u00e9riel et institutionnel de la CIMA. LUX JURI\u00a0: Publications diverses sur le droit. L\u2019ASSURANTIEL\u00a0: Publications sur l\u2019industrie de l\u2019assurance en g\u00e9n\u00e9ral. LES AMIS [&hellip;]<\/p>\n","protected":false},"author":1,"featured_media":0,"parent":0,"menu_order":0,"comment_status":"closed","ping_status":"closed","template":"","meta":{"nf_dc_page":"","footnotes":""},"class_list":["post-17","page","type-page","status-publish","hentry"],"jetpack_sharing_enabled":true,"_links":{"self":[{"href":"https:\/\/jurantiel.com\/accueil\/wp-json\/wp\/v2\/pages\/17","targetHints":{"allow":["GET"]}}],"collection":[{"href":"https:\/\/jurantiel.com\/accueil\/wp-json\/wp\/v2\/pages"}],"about":[{"href":"https:\/\/jurantiel.com\/accueil\/wp-json\/wp\/v2\/types\/page"}],"author":[{"embeddable":true,"href":"https:\/\/jurantiel.com\/accueil\/wp-json\/wp\/v2\/users\/1"}],"replies":[{"embeddable":true,"href":"https:\/\/jurantiel.com\/accueil\/wp-json\/wp\/v2\/comments?post=17"}],"version-history":[{"count":20,"href":"https:\/\/jurantiel.com\/accueil\/wp-json\/wp\/v2\/pages\/17\/revisions"}],"predecessor-version":[{"id":383,"href":"https:\/\/jurantiel.com\/accueil\/wp-json\/wp\/v2\/pages\/17\/revisions\/383"}],"wp:attachment":[{"href":"https:\/\/jurantiel.com\/accueil\/wp-json\/wp\/v2\/media?parent=17"}],"curies":[{"name":"wp","href":"https:\/\/api.w.org\/{rel}","templated":true}]}}